{"id":11092,"date":"2020-12-10T10:06:41","date_gmt":"2020-12-10T09:06:41","guid":{"rendered":"https:\/\/freelancesweb-lyon.fr\/?page_id=11092"},"modified":"2024-11-20T10:22:43","modified_gmt":"2024-11-20T09:22:43","slug":"the-french-collective-from-lyon","status":"publish","type":"page","link":"https:\/\/freelancesweb-lyon.fr\/en\/","title":{"rendered":"The Freelance Collective of Lyon"},"content":{"rendered":"\n<div id=\"home-top\" class=\"wp-block-group home home-header\"><div class=\"wp-block-group__inner-container is-layout-flow wp-block-group-is-layout-flow\">\n<div class=\"wp-block-columns is-layout-flex wp-container-core-columns-is-layout-1 wp-block-columns-is-layout-flex\">\n<div class=\"wp-block-column is-layout-flow wp-block-column-is-layout-flow\">\n<h1 class=\"wp-block-heading has-text-align-left\">A <em><strong>remarquable<\/strong> <strong>memorable<\/strong> <strong>essential<\/strong><\/em> identity<\/h1>\n\n\n\n<hr class=\"wp-block-separator has-css-opacity\"\/>\n\n\n\n<div style=\"height:37px\" aria-hidden=\"true\" class=\"wp-block-spacer\"><\/div>\n\n\n\n<div id=\"intro\" class=\"wp-block-group\"><div class=\"wp-block-group__inner-container is-layout-flow wp-block-group-is-layout-flow\">\n<p>Freelances Web Lyon is a collective of passionate individuals. Our team supports you in designing custom WordPress websites, from graphic design to specialized development. You&#8217;ll have access to a full agency team, but with the best freelancers in Lyon. Your visual identity will be unique, and your site will be optimized to meet the demands of today&#8217;s web: SEO, usability, responsiveness, accessibility\u2026<\/p>\n\n\n\n<p class=\"btn btn-secondary\"><a href=\"http:\/\/freelancesweb-lyon.fr\/le-concept-du-collectif\/\" data-type=\"page\" data-id=\"27\">\u00e0 propos de nous<\/a><\/p>\n<\/div><\/div>\n<\/div>\n\n\n\n<div class=\"wp-block-column is-layout-flow wp-block-column-is-layout-flow\">\n<figure class=\"wp-block-image size-large\"><img loading=\"lazy\" decoding=\"async\" width=\"700\" height=\"700\" src=\"https:\/\/freelancesweb-lyon.fr\/wp-content\/uploads\/2021\/01\/homepage-700x700.png\" alt=\"\" class=\"wp-image-610\" srcset=\"https:\/\/freelancesweb-lyon.fr\/wp-content\/uploads\/2021\/01\/homepage-700x700.png 700w, https:\/\/freelancesweb-lyon.fr\/wp-content\/uploads\/2021\/01\/homepage-150x150.png 150w, https:\/\/freelancesweb-lyon.fr\/wp-content\/uploads\/2021\/01\/homepage-600x600.png 600w, https:\/\/freelancesweb-lyon.fr\/wp-content\/uploads\/2021\/01\/homepage-180x180.png 180w, https:\/\/freelancesweb-lyon.fr\/wp-content\/uploads\/2021\/01\/homepage-120x120.png 120w, https:\/\/freelancesweb-lyon.fr\/wp-content\/uploads\/2021\/01\/homepage-250x250.png 250w, https:\/\/freelancesweb-lyon.fr\/wp-content\/uploads\/2021\/01\/homepage.png 709w\" sizes=\"auto, (max-width: 700px) 100vw, 700px\" \/><\/figure>\n<\/div>\n<\/div>\n<\/div><\/div>\n\n\n\n<div class=\"wp-block-buttons is-layout-flex wp-block-buttons-is-layout-flex\">\n<div class=\"wp-block-button\" id=\"call-home\"><a class=\"wp-block-button__link wp-element-button\" href=\"http:\/\/freelancesweb-lyon.fr\/premier-contact\/\">Start your project<\/a><\/div>\n<\/div>\n\n\n\n<div id=\"expertise-slider\" class=\"wp-block-group home home-slide\"><div class=\"wp-block-group__inner-container is-layout-flow wp-block-group-is-layout-flow\">\n<h2 class=\"wp-block-heading\">Web experts freelancers<\/h2>\n\n\n\n<div class=\"slider-container\">\n    <div id=\"slider-block_cad89eeb4fd8bfe62d89c068ba88ded6\" class=\"slider home-slider main\" data-slick='{\"slidesToShow\": 1, \"slidesToScroll\": 1, \"arrows\": true, \"dots\": true, \"autoplay\":false}'>\n        \n\n        <div>\n            <div class=\"slide\">\n                <div class=\"row\">\n                    <div class=\"col-6 img-cont\">\n                        <img loading=\"lazy\" decoding=\"async\" width=\"395\" height=\"500\" src=\"https:\/\/freelancesweb-lyon.fr\/wp-content\/uploads\/2020\/12\/OmbrelleJapan_degrade-395x500.png\" class=\"attachment-references size-references\" alt=\"\" \/>                        \n                        <svg version=\"1.1\" id=\"wordpress\" class=\"path\" xmlns=\"http:\/\/www.w3.org\/2000\/svg\" xmlns:xlink=\"http:\/\/www.w3.org\/1999\/xlink\" x=\"0px\" y=\"0px\" viewBox=\"0 0 300 300\" style=\"enable-background:new 0 0 300 300;\" xml:space=\"preserve\">\r\n                            <style type=\"text\/css\">\r\n                               #wordpress .st0 {\r\n                                    fill: none;\r\n                                    stroke: #FFFFFF;\r\n                                    stroke-width: 0.5;\r\n                                    stroke-miterlimit: 10;\r\n                                }\r\n\r\n                                #wordpress .st1 {\r\n                                    fill: none;\r\n                                    stroke: #FFFFFF;\r\n                                    stroke-width: 0.5;\r\n                                    stroke-linecap: round;\r\n                                    stroke-linejoin: bevel;\r\n                                    stroke-miterlimit: 10;\r\n                                }\r\n\r\n                                #wordpress .st2 {\r\n                                    fill: #FFFFFF;\r\n                                }\r\n\r\n                            <\/style>\r\n                            <polyline class=\"st0\" points=\"150.21,0.23 279.27,224.11 19.95,223.64 150.21,0.23 \" \/>\r\n                            <g>\r\n                                <polygon class=\"st0\" points=\"19.56,76.35 150.12,0.23 279.65,75.87 279.66,224.11 150.12,299.7 19.56,223.64 \t\" \/>\r\n                                <g>\r\n                                    <path class=\"st1\" d=\"M35.03,150\" \/>\r\n                                <\/g>\r\n                            <\/g>\r\n                            <circle class=\"st0\" cx=\"149.83\" cy=\"149.09\" r=\"74.53\" \/>\r\n                            <circle class=\"st2\" cx=\"149.93\" cy=\"223.81\" r=\"5\" \/>\r\n                            <circle class=\"st2\" cx=\"214.24\" cy=\"112.84\" r=\"5\" \/>\r\n                            <circle class=\"st2\" cx=\"84.97\" cy=\"112.84\" r=\"5\" \/>\r\n                            <polyline class=\"st0\" points=\"19.56,76.35 149.83,149.09 150.12,299.39 \" \/>\r\n                            <line class=\"st0\" x1=\"149.83\" y1=\"149.09\" x2=\"279.65\" y2=\"75.87\" \/>\r\n                        <\/svg>\n                    <\/div>\n\n\n                    <div class=\"col-6 text-cont\">\n                        <h3>Custom WordPress Develoment<\/h3>\n                        <p>We design websites using the WordPress CMS. With its flexibility and customization options, we implement exactly what you need, tailored just for you.<\/p>\n                                                <a class=\"btn btn-reversed\" href=\"http:\/\/freelancesweb-lyon.fr\/nos-expertises\/wordpress-sur-mesure-votre-site-personnalise\/\" target=\"_self\" class=\"btn\">WordPress sur-mesure<\/a>\n                                            <\/div>\n\n\n                <\/div>\n            <\/div>\n\n        <\/div>\n        \n\n        <div>\n            <div class=\"slide\">\n                <div class=\"row\">\n                    <div class=\"col-6 img-cont\">\n                        <img loading=\"lazy\" decoding=\"async\" width=\"395\" height=\"500\" src=\"https:\/\/freelancesweb-lyon.fr\/wp-content\/uploads\/2020\/12\/thomas-tucker-unsplash_violet-395x500.png\" class=\"attachment-references size-references\" alt=\"\" \/>                        \n                        <svg version=\"1.1\"  class=\"path\"  id=\"identite\" xmlns=\"http:\/\/www.w3.org\/2000\/svg\" xmlns:xlink=\"http:\/\/www.w3.org\/1999\/xlink\" x=\"0px\" y=\"0px\"\r\n\t viewBox=\"0 0 300 300\" style=\"enable-background:new 0 0 300 300;\" xml:space=\"preserve\">\r\n<style type=\"text\/css\">\r\n\t#identite .st0{fill:#FFFFFF;}\r\n\t#identite .st1{fill:none;stroke:#FFFFFF;stroke-width:1;stroke-miterlimit:10;}\r\n<\/style>\r\n<circle class=\"st0\" cx=\"18.7\" cy=\"145.3\" r=\"5\"\/>\r\n<line class=\"st1\" x1=\"23\" y1=\"145.3\" x2=\"279\" y2=\"145.3\"\/>\r\n<circle class=\"st0\" cx=\"281.3\" cy=\"145.3\" r=\"5\"\/>\r\n<path class=\"st1\" d=\"M151.1,145.3c-50.4,0-109,39.2-109,109\"\/>\r\n<path class=\"st1\" d=\"M152.1,145c50.4,0,109-39.2,109-109\"\/>\r\n<rect x=\"142.1\" y=\"136.2\" class=\"st0\" width=\"17.7\" height=\"17.7\"\/>\r\n<rect x=\"252.3\" y=\"18.3\" class=\"st1\" width=\"17.7\" height=\"17.7\"\/>\r\n<rect x=\"33.3\" y=\"254.3\" class=\"st1\" width=\"17.7\" height=\"17.7\"\/>\r\n<polygon class=\"st1\" points=\"181.8,164.2 211.7,207.7 202.6,245 202.6,271.1 160.5,271.1 160.8,245.9 152.1,207.9 \"\/>\r\n<line class=\"st1\" x1=\"160.8\" y1=\"245.7\" x2=\"202.6\" y2=\"245.7\"\/>\r\n<line class=\"st1\" x1=\"181.7\" y1=\"164.2\" x2=\"181.7\" y2=\"216.5\"\/>\r\n<circle class=\"st0\" cx=\"181.8\" cy=\"216.5\" r=\"5\"\/>\r\n<\/svg>\r\n\n                    <\/div>\n\n\n                    <div class=\"col-6 text-cont\">\n                        <h3>Beauty as power<\/h3>\n                        <p>On the web, beauty goes hand in hand with trust. And trust is essential for users. That\u2019s why two Art Directors work within the collective: visual identity is a cornerstone of a successful website.<\/p>\n                                                <a class=\"btn btn-reversed\" href=\"http:\/\/freelancesweb-lyon.fr\/nos-expertises\/la-creativite-comme-pouvoir\/\" target=\"_self\" class=\"btn\">Identit\u00e9 visuelle<\/a>\n                                            <\/div>\n\n\n                <\/div>\n            <\/div>\n\n        <\/div>\n        \n\n        <div>\n            <div class=\"slide\">\n                <div class=\"row\">\n                    <div class=\"col-6 img-cont\">\n                        <img loading=\"lazy\" decoding=\"async\" width=\"395\" height=\"500\" src=\"https:\/\/freelancesweb-lyon.fr\/wp-content\/uploads\/2020\/12\/OmbrelleJapan_degrade-395x500.png\" class=\"attachment-references size-references\" alt=\"\" \/>                        \n                        <svg version=\"1.1\"  class=\"path\"  id=\"maintenace\" xmlns=\"http:\/\/www.w3.org\/2000\/svg\" xmlns:xlink=\"http:\/\/www.w3.org\/1999\/xlink\" x=\"0px\" y=\"0px\"\r\n\t viewBox=\"0 0 300 300\" style=\"enable-background:new 0 0 300 300;\" xml:space=\"preserve\">\r\n<style type=\"text\/css\">\r\n\t#maintenace .st0{fill:#FFFFFF;}\r\n\t#maintenace .st1{fill:none;stroke:#FFFFFF;stroke-width:1;stroke-miterlimit:10;}\r\n<\/style>\r\n<circle class=\"st0\" cx=\"12\" cy=\"276.9\" r=\"6.5\"\/>\r\n<line class=\"st1\" x1=\"17\" y1=\"277.3\" x2=\"283.5\" y2=\"277.3\"\/>\r\n<circle class=\"st0\" cx=\"288\" cy=\"276.9\" r=\"6.5\"\/>\r\n<circle class=\"st0\" cx=\"150.1\" cy=\"277.2\" r=\"12.5\"\/>\r\n<line class=\"st1\" x1=\"150.3\" y1=\"204.4\" x2=\"150.3\" y2=\"265.1\"\/>\r\n<ellipse class=\"st1\" cx=\"149.8\" cy=\"35.1\" rx=\"62.9\" ry=\"26.1\"\/>\r\n<path class=\"st1\" d=\"M86.9,71.1c0,10.5,18.5,26.1,62.9,26.1c42.5,0,62.9-14.9,62.9-26.1\"\/>\r\n<line class=\"st1\" x1=\"86.9\" y1=\"35.4\" x2=\"86.9\" y2=\"179.6\"\/>\r\n<line class=\"st1\" x1=\"212.7\" y1=\"35.7\" x2=\"212.7\" y2=\"179.6\"\/>\r\n<path class=\"st1\" d=\"M86.9,106.5c0,10.5,18.5,26.1,62.9,26.1c42.5,0,62.9-14.9,62.9-26.1\"\/>\r\n<path class=\"st1\" d=\"M86.9,139.9c0,10.5,18.5,26.1,62.9,26.1c42.5,0,62.9-14.9,62.9-26.1\"\/>\r\n<path class=\"st1\" d=\"M86.9,178.3c0,10.5,18.5,26.1,62.9,26.1c42.5,0,62.9-14.9,62.9-26.1\"\/>\r\n<\/svg>\r\n\n                    <\/div>\n\n\n                    <div class=\"col-6 text-cont\">\n                        <h3>Web Hosting and Maintenance<\/h3>\n                        <p>Being notified of any issues your site may encounter and having maintenance available 7 days a week: that&#8217;s the Zen web experience.<\/p>\n                                                <a class=\"btn btn-reversed\" href=\"http:\/\/freelancesweb-lyon.fr\/nos-expertises\/maintenances-et-mises-a-jour\/\" target=\"_self\" class=\"btn\">H\u00e9bergement zen<\/a>\n                                            <\/div>\n\n\n                <\/div>\n            <\/div>\n\n        <\/div>\n        \n\n    <\/div>\n<\/div>\n<\/div><\/div>\n\n\n\n<div id=\"projets-blocks\" class=\"wp-block-group clear\"><div class=\"wp-block-group__inner-container is-layout-flow wp-block-group-is-layout-flow\">\n<h2 class=\"wp-block-heading\">Our core business: 2 main focuses<\/h2>\n\n\n\n<div class=\"wp-block-columns is-layout-flex wp-container-core-columns-is-layout-2 wp-block-columns-is-layout-flex\">\n<div class=\"wp-block-column is-layout-flow wp-block-column-is-layout-flow\">\n<h3 class=\"wp-block-heading\">1<\/h3>\n\n\n\n<h4 class=\"wp-block-heading\">Websites for intercommunal unions and the public sector<\/h4>\n\n\n\n<p>&#8220;We support you in developing the strategy for your municipal union or EPCI. Our expertise in the field allows us to quickly create a tailored platform for you.&#8221;<\/p>\n\n\n\n<p class=\"btn\"><a href=\"http:\/\/freelancesweb-lyon.fr\/le-concept-du-collectif\/un-savoir-faire-du-secteur-public\/\" data-type=\"page\" data-id=\"32\">Collectivit\u00e9s et organismes publics<\/a><\/p>\n<\/div>\n\n\n\n<div class=\"wp-block-column is-layout-flow wp-block-column-is-layout-flow\">\n<h3 class=\"wp-block-heading\">2<\/h3>\n\n\n\n<h4 class=\"wp-block-heading\">E-commerce and showcase websites for artisans &amp; SMEs<\/h4>\n\n\n\n<p>Artisans and merchants, your first e-commerce platform is ready to go live! The custom mockups will make your site a real asset online. Gain visibility quickly by letting us manage your advertising campaign.<\/p>\n\n\n\n<p class=\"btn\"><a href=\"http:\/\/freelancesweb-lyon.fr\/le-concept-du-collectif\/artisans-et-commercant-votre-site-en-ligne\/\" data-type=\"page\" data-id=\"34\">Commer\u00e7ants et PME<\/a><\/p>\n<\/div>\n<\/div>\n<\/div><\/div>\n\n\n\n<div class=\"wp-block-group black\"><div class=\"wp-block-group__inner-container is-layout-flow wp-block-group-is-layout-flow\">\n<div class=\"wp-block-columns hidden-front is-layout-flex wp-container-core-columns-is-layout-3 wp-block-columns-is-layout-flex\">\n<div class=\"wp-block-column is-layout-flow wp-block-column-is-layout-flow\" style=\"flex-basis:33.33%\">\n<h2 class=\"wp-block-heading\">What they think of us<\/h2>\n\n\n\n<p>We take pleasure in what we do,<br>and that&#8217;s what makes our clients satisfied.<\/p>\n<\/div>\n\n\n\n<div class=\"wp-block-column is-layout-flow wp-block-column-is-layout-flow\" style=\"flex-basis:66.66%\"><div class=\"testi-container\">\n    <div id=\"slider-slider-block_2ac57be57156c6e8fc10a68af4b0c507\" class=\"testimonial  slider-testimonial\">\n    \n            <div class=\"slide\">\n\n                <blockquote>\n                   <img decoding=\"async\" src=\"https:\/\/freelancesweb-lyon.fr\/wp-content\/themes\/flweb\/img\/quote.svg\" alt=\"\" aria-hidden=\"true\" width=\"55\">\n                    A quality website that meets our needs.                    <cite>Florian Cabirol, CEO Catchr<\/cite>\n                <\/blockquote>\n            <\/div>\n\n        \n            <div class=\"slide\">\n\n                <blockquote>\n                   <img decoding=\"async\" src=\"https:\/\/freelancesweb-lyon.fr\/wp-content\/themes\/flweb\/img\/quote.svg\" alt=\"\" aria-hidden=\"true\" width=\"55\">\n                    The top team, who handled the graphic design, the website, and maintenance. Thank you!                    <cite>Anahis, CEO Soluence<\/cite>\n                <\/blockquote>\n            <\/div>\n\n        \n    <\/div>\n<\/div>\n<\/div>\n<\/div>\n<\/div><\/div>\n\n\n\n<div class=\"wp-block-group black\"><div class=\"wp-block-group__inner-container is-layout-flow wp-block-group-is-layout-flow\">\n<h2 class=\"wp-block-heading\">Our news<\/h2>\n\n\n\n<p>Versatile talents and constant technical and artistic monitoring: our blog is a collection of ideas. It&#8217;s also where you&#8217;ll find tutorials on using your WordPress site, as well as insights into the life of our team in Lyon.<\/p>\n\n\n\n<div style=\"height:100px\" aria-hidden=\"true\" class=\"wp-block-spacer\"><\/div>\n\n\n  \n <div id=\"slider-block_766767a06a0ed832d5e1884c484c1aad\" class=\"actualites\">  \n \n<ul>\n        <li data-aos=\"fade-up\" class=\"actu\">\n          <span class=\"trait\" aria-hidden=\"true\"><\/span>\n           <div>\n            <a class=\"cat\" href=\"https:\/\/freelancesweb-lyon.fr\/en\/category\/non-classifiee\/\">Non classifi\u00e9(e)<\/a>            <a href=\"https:\/\/freelancesweb-lyon.fr\/en\/2025\/02\/25\/my-wordpress-images-broken-after-last-update\/\" class=\"title infinite-roll\" >My WordPress images broken after last update?<\/a>\n                        \n                           \n                                \n\n                        <\/div>\n        <\/li>\n        \n            <li data-aos=\"fade-up\" class=\"actu\">\n          <span class=\"trait\" aria-hidden=\"true\"><\/span>\n           <div>\n            <a class=\"cat\" href=\"https:\/\/freelancesweb-lyon.fr\/category\/developpement\/\">D\u00e9veloppement<\/a>            <a href=\"https:\/\/freelancesweb-lyon.fr\/2025\/02\/25\/les-images-de-mon-wordpress-cassees-apres-la-derniere-mise-a-jour\/\" class=\"title infinite-roll\" >Les images de mon WordPress cass\u00e9es apr\u00e8s la derni\u00e8re mise \u00e0 jour ?<\/a>\n                        \n                           \n                                \n\n                        <\/div>\n        <\/li>\n        \n    <\/ul>\n\n\n<div class=\"align-center\">\n    <a href=\"https:\/\/freelancesweb-lyon.fr\/le-blog\/\" class=\"btn btn-primary\">Notre blog<\/a>\n<\/div>\n<\/div>\n\n\n<p><\/p>\n<\/div><\/div>\n","protected":false},"excerpt":{"rendered":"A remarquable memorable essential identity Freelances Web Lyon is a collective of passionate individuals. Our team supports you in designing [&hellip;]","protected":false},"author":1,"featured_media":0,"parent":0,"menu_order":0,"comment_status":"closed","ping_status":"closed","template":"template-home.php","meta":{"_acf_changed":false,"footnotes":""},"class_list":["post-11092","page","type-page","status-publish","hentry"],"acf":[],"yoast_head":"<!-- This site is optimized with the Yoast SEO plugin v23.8 - https:\/\/yoast.com\/wordpress\/plugins\/seo\/ -->\n<title>The Freelance Collective of Lyon - Freelances Web Lyon<\/title>\n<meta name=\"robots\" content=\"index, follow, max-snippet:-1, max-image-preview:large, max-video-preview:-1\" \/>\n<link rel=\"canonical\" href=\"https:\/\/freelancesweb-lyon.fr\/en\/\" \/>\n<meta property=\"og:locale\" content=\"en_US\" \/>\n<meta property=\"og:type\" content=\"article\" \/>\n<meta property=\"og:title\" content=\"The Freelance Collective of Lyon - Freelances Web Lyon\" \/>\n<meta property=\"og:description\" content=\"A remarquable memorable essential identity Freelances Web Lyon is a collective of passionate individuals. Our team supports you in designing [&hellip;]\" \/>\n<meta property=\"og:url\" content=\"https:\/\/freelancesweb-lyon.fr\/en\/\" \/>\n<meta property=\"og:site_name\" content=\"Freelances Web Lyon\" \/>\n<meta property=\"article:modified_time\" content=\"2024-11-20T09:22:43+00:00\" \/>\n<meta property=\"og:image\" content=\"https:\/\/freelancesweb-lyon.fr\/wp-content\/uploads\/2021\/01\/homepage.png\" \/>\n\t<meta property=\"og:image:width\" content=\"709\" \/>\n\t<meta property=\"og:image:height\" content=\"709\" \/>\n\t<meta property=\"og:image:type\" content=\"image\/png\" \/>\n<meta name=\"twitter:card\" content=\"summary_large_image\" \/>\n<meta name=\"twitter:label1\" content=\"Est. reading time\" \/>\n\t<meta name=\"twitter:data1\" content=\"2 minutes\" \/>\n<script type=\"application\/ld+json\" class=\"yoast-schema-graph\">{\"@context\":\"https:\/\/schema.org\",\"@graph\":[{\"@type\":\"WebPage\",\"@id\":\"https:\/\/freelancesweb-lyon.fr\/en\/\",\"url\":\"https:\/\/freelancesweb-lyon.fr\/en\/\",\"name\":\"The Freelance Collective of Lyon - Freelances Web Lyon\",\"isPartOf\":{\"@id\":\"https:\/\/freelancesweb-lyon.fr\/#website\"},\"primaryImageOfPage\":{\"@id\":\"https:\/\/freelancesweb-lyon.fr\/en\/#primaryimage\"},\"image\":{\"@id\":\"https:\/\/freelancesweb-lyon.fr\/en\/#primaryimage\"},\"thumbnailUrl\":\"https:\/\/freelancesweb-lyon.fr\/wp-content\/uploads\/2021\/01\/homepage-700x700.png\",\"datePublished\":\"2020-12-10T09:06:41+00:00\",\"dateModified\":\"2024-11-20T09:22:43+00:00\",\"breadcrumb\":{\"@id\":\"https:\/\/freelancesweb-lyon.fr\/en\/#breadcrumb\"},\"inLanguage\":\"en-US\",\"potentialAction\":[{\"@type\":\"ReadAction\",\"target\":[\"https:\/\/freelancesweb-lyon.fr\/en\/\"]}]},{\"@type\":\"ImageObject\",\"inLanguage\":\"en-US\",\"@id\":\"https:\/\/freelancesweb-lyon.fr\/en\/#primaryimage\",\"url\":\"https:\/\/freelancesweb-lyon.fr\/wp-content\/uploads\/2021\/01\/homepage-700x700.png\",\"contentUrl\":\"https:\/\/freelancesweb-lyon.fr\/wp-content\/uploads\/2021\/01\/homepage-700x700.png\"},{\"@type\":\"BreadcrumbList\",\"@id\":\"https:\/\/freelancesweb-lyon.fr\/en\/#breadcrumb\",\"itemListElement\":[{\"@type\":\"ListItem\",\"position\":1,\"name\":\"Home\",\"item\":\"https:\/\/freelancesweb-lyon.fr\/en\/\"},{\"@type\":\"ListItem\",\"position\":2,\"name\":\"The Freelance Collective of Lyon\"}]},{\"@type\":\"WebSite\",\"@id\":\"https:\/\/freelancesweb-lyon.fr\/#website\",\"url\":\"https:\/\/freelancesweb-lyon.fr\/\",\"name\":\"Freelances Web Lyon\",\"description\":\"Le collectif Lyonnais\",\"potentialAction\":[{\"@type\":\"SearchAction\",\"target\":{\"@type\":\"EntryPoint\",\"urlTemplate\":\"https:\/\/freelancesweb-lyon.fr\/?s={search_term_string}\"},\"query-input\":{\"@type\":\"PropertyValueSpecification\",\"valueRequired\":true,\"valueName\":\"search_term_string\"}}],\"inLanguage\":\"en-US\"}]}<\/script>\n<!-- \/ Yoast SEO plugin. -->","yoast_head_json":{"title":"The Freelance Collective of Lyon - Freelances Web Lyon","robots":{"index":"index","follow":"follow","max-snippet":"max-snippet:-1","max-image-preview":"max-image-preview:large","max-video-preview":"max-video-preview:-1"},"canonical":"https:\/\/freelancesweb-lyon.fr\/en\/","og_locale":"en_US","og_type":"article","og_title":"The Freelance Collective of Lyon - Freelances Web Lyon","og_description":"A remarquable memorable essential identity Freelances Web Lyon is a collective of passionate individuals. Our team supports you in designing [&hellip;]","og_url":"https:\/\/freelancesweb-lyon.fr\/en\/","og_site_name":"Freelances Web Lyon","article_modified_time":"2024-11-20T09:22:43+00:00","og_image":[{"width":709,"height":709,"url":"https:\/\/freelancesweb-lyon.fr\/wp-content\/uploads\/2021\/01\/homepage.png","type":"image\/png"}],"twitter_card":"summary_large_image","twitter_misc":{"Est. reading time":"2 minutes"},"schema":{"@context":"https:\/\/schema.org","@graph":[{"@type":"WebPage","@id":"https:\/\/freelancesweb-lyon.fr\/en\/","url":"https:\/\/freelancesweb-lyon.fr\/en\/","name":"The Freelance Collective of Lyon - Freelances Web Lyon","isPartOf":{"@id":"https:\/\/freelancesweb-lyon.fr\/#website"},"primaryImageOfPage":{"@id":"https:\/\/freelancesweb-lyon.fr\/en\/#primaryimage"},"image":{"@id":"https:\/\/freelancesweb-lyon.fr\/en\/#primaryimage"},"thumbnailUrl":"https:\/\/freelancesweb-lyon.fr\/wp-content\/uploads\/2021\/01\/homepage-700x700.png","datePublished":"2020-12-10T09:06:41+00:00","dateModified":"2024-11-20T09:22:43+00:00","breadcrumb":{"@id":"https:\/\/freelancesweb-lyon.fr\/en\/#breadcrumb"},"inLanguage":"en-US","potentialAction":[{"@type":"ReadAction","target":["https:\/\/freelancesweb-lyon.fr\/en\/"]}]},{"@type":"ImageObject","inLanguage":"en-US","@id":"https:\/\/freelancesweb-lyon.fr\/en\/#primaryimage","url":"https:\/\/freelancesweb-lyon.fr\/wp-content\/uploads\/2021\/01\/homepage-700x700.png","contentUrl":"https:\/\/freelancesweb-lyon.fr\/wp-content\/uploads\/2021\/01\/homepage-700x700.png"},{"@type":"BreadcrumbList","@id":"https:\/\/freelancesweb-lyon.fr\/en\/#breadcrumb","itemListElement":[{"@type":"ListItem","position":1,"name":"Home","item":"https:\/\/freelancesweb-lyon.fr\/en\/"},{"@type":"ListItem","position":2,"name":"The Freelance Collective of Lyon"}]},{"@type":"WebSite","@id":"https:\/\/freelancesweb-lyon.fr\/#website","url":"https:\/\/freelancesweb-lyon.fr\/","name":"Freelances Web Lyon","description":"Le collectif Lyonnais","potentialAction":[{"@type":"SearchAction","target":{"@type":"EntryPoint","urlTemplate":"https:\/\/freelancesweb-lyon.fr\/?s={search_term_string}"},"query-input":{"@type":"PropertyValueSpecification","valueRequired":true,"valueName":"search_term_string"}}],"inLanguage":"en-US"}]}},"_links":{"self":[{"href":"https:\/\/freelancesweb-lyon.fr\/en\/wp-json\/wp\/v2\/pages\/11092","targetHints":{"allow":["GET"]}}],"collection":[{"href":"https:\/\/freelancesweb-lyon.fr\/en\/wp-json\/wp\/v2\/pages"}],"about":[{"href":"https:\/\/freelancesweb-lyon.fr\/en\/wp-json\/wp\/v2\/types\/page"}],"author":[{"embeddable":true,"href":"https:\/\/freelancesweb-lyon.fr\/en\/wp-json\/wp\/v2\/users\/1"}],"replies":[{"embeddable":true,"href":"https:\/\/freelancesweb-lyon.fr\/en\/wp-json\/wp\/v2\/comments?post=11092"}],"version-history":[{"count":7,"href":"https:\/\/freelancesweb-lyon.fr\/en\/wp-json\/wp\/v2\/pages\/11092\/revisions"}],"predecessor-version":[{"id":11103,"href":"https:\/\/freelancesweb-lyon.fr\/en\/wp-json\/wp\/v2\/pages\/11092\/revisions\/11103"}],"wp:attachment":[{"href":"https:\/\/freelancesweb-lyon.fr\/en\/wp-json\/wp\/v2\/media?parent=11092"}],"curies":[{"name":"wp","href":"https:\/\/api.w.org\/{rel}","templated":true}]}}